{"id":172,"date":"2026-03-23T09:17:30","date_gmt":"2026-03-23T08:17:30","guid":{"rendered":"https:\/\/papernook.elodieplume.com\/?page_id=172"},"modified":"2026-03-23T11:59:15","modified_gmt":"2026-03-23T10:59:15","slug":"a-propos","status":"publish","type":"page","link":"https:\/\/papernook.elodieplume.com\/en\/a-propos\/","title":{"rendered":"About me"},"content":{"rendered":"<div class=\"wp-block-group alignfull has-global-padding is-layout-constrained wp-container-core-group-is-layout-4c0ae6fa wp-block-group-is-layout-constrained has-background\" style=\"min-height:0vh;margin-top:0;margin-bottom:0;padding-top:var(--wp--preset--spacing--60);padding-right:var(--wp--preset--spacing--40);padding-bottom:var(--wp--preset--spacing--60);padding-left:var(--wp--preset--spacing--40);background-image:url(&apos;https:\/\/papernook.elodieplume.com\/wp-content\/uploads\/2026\/03\/Paper-Nook-Fond-Kraft-HD-scaled.jpg&apos;);background-size:cover;\">\n<div class=\"wp-block-group has-global-padding is-layout-constrained wp-container-core-group-is-layout-91cb2f3b wp-block-group-is-layout-constrained\">\n<div class=\"wp-block-columns is-layout-flex wp-container-core-columns-is-layout-28f84493 wp-block-columns-is-layout-flex\">\n<div class=\"wp-block-column is-vertically-aligned-center is-layout-flow wp-block-column-is-layout-flow\">\n<figure class=\"wp-block-image aligncenter size-full is-resized\"><img loading=\"lazy\" decoding=\"async\" width=\"414\" height=\"520\" src=\"https:\/\/papernook.elodieplume.com\/wp-content\/uploads\/2026\/03\/Elodie-Plume-informations.png\" alt=\"Elodie Plume - informations\" class=\"wp-image-185\" style=\"aspect-ratio:0.7961640344700399;width:355px;height:auto\" srcset=\"https:\/\/papernook.elodieplume.com\/wp-content\/uploads\/2026\/03\/Elodie-Plume-informations.png 414w, https:\/\/papernook.elodieplume.com\/wp-content\/uploads\/2026\/03\/Elodie-Plume-informations-239x300.png 239w\" sizes=\"auto, (max-width: 414px) 100vw, 414px\" \/><\/figure>\n\n\n\n<div class=\"wp-block-group has-global-padding is-layout-constrained wp-block-group-is-layout-constrained\"><\/div>\n<\/div>\n\n\n\n<div class=\"wp-block-column is-layout-flow wp-block-column-is-layout-flow\">\n<h2 class=\"wp-block-heading has-text-align-center has-xx-large-font-size\" style=\"margin-right:0;margin-left:0;padding-right:0;padding-left:0\">Hello!  <\/h2>\n\n\n\n<p class=\"has-text-align-left has-medium-font-size\">I am Elodie, better known by my artist name <strong>Elodie Plume<\/strong>. <\/p>\n\n\n\n<p class=\"has-text-align-left has-medium-font-size\">Ever since I was little, I've been passionate about notebooks of all kinds. In 2016, I discovered the Bullet Journal concept, and it was a revelation! I even published a book on the subject in 2017, \u00abBullet R\u00e9volution.\u00bb.   <\/p>\n\n\n\n<p class=\"has-text-align-left has-medium-font-size\">Today, notebooks and journaling are an integral part of my daily life and my mental well-being. It was by combining this passion with my work as an illustrator that <strong>Paper Nook<\/strong>, a cozy little corner dedicated to handmade stationery, painted with watercolors. <\/p>\n<\/div>\n<\/div>\n<\/div>\n<\/div>\n\n\n\n<div class=\"wp-block-group alignfull is-style-section-1 has-global-padding is-layout-constrained wp-block-group-is-layout-constrained has-background is-style-section-1--1\" style=\"margin-top:0;margin-bottom:0;padding-top:0;padding-bottom:0;background-image:url(&apos;https:\/\/papernook.elodieplume.com\/wp-content\/uploads\/2026\/03\/Paper-Nook-Fond-petits-carreaux-50-scaled.jpg&apos;);background-position:28.999999999999996% 59%;background-size:auto;\">\n<div class=\"wp-block-columns alignwide is-layout-flex wp-container-core-columns-is-layout-66fad18a wp-block-columns-is-layout-flex\">\n<div class=\"wp-block-column is-vertically-aligned-center is-layout-flow wp-block-column-is-layout-flow\" style=\"padding-right:0;padding-left:0;flex-basis:50%\">\n<h2 class=\"wp-block-heading has-text-align-center has-xx-large-font-size\" style=\"margin-right:0;margin-left:0;padding-top:var(--wp--preset--spacing--30);padding-right:0;padding-left:0\">My work as an artist<\/h2>\n\n\n\n<p class=\"has-text-align-left has-medium-font-size\">I work exclusively with traditional watercolor techniques. And yes, all the stickers you see on Paper Nook have been hand-painted! <\/p>\n\n\n\n<p class=\"has-text-align-left has-medium-font-size\">My favorite subject as an artist is architecture. I paint shop fronts, urban scenes, and landscapes from all corners of the globe. <\/p>\n\n\n\n<div class=\"wp-block-buttons is-content-justification-center is-layout-flex wp-container-core-buttons-is-layout-f27c6935 wp-block-buttons-is-layout-flex\" style=\"padding-top:var(--wp--preset--spacing--40)\">\n<div class=\"wp-block-button\"><a class=\"wp-block-button__link wp-element-button\" href=\"https:\/\/elodieplume.com\/\" target=\"_blank\" rel=\"noopener\">Discover my world<\/a><\/div>\n<\/div>\n<\/div>\n\n\n\n<div class=\"wp-block-column is-layout-flow wp-block-column-is-layout-flow\" style=\"padding-right:var(--wp--preset--spacing--50);flex-basis:45%\">\n<figure class=\"wp-block-image size-full is-resized\" style=\"margin-top:var(--wp--preset--spacing--30);margin-left:var(--wp--preset--spacing--60)\"><img loading=\"lazy\" decoding=\"async\" width=\"819\" height=\"1080\" src=\"https:\/\/papernook.elodieplume.com\/wp-content\/uploads\/2026\/03\/Paper-Nook-Devanture-a-laquarelle-Cafe-Sasohan.jpg\" alt=\"Paper Nook - Devanture \u00e0 l'aquarelle - Cafe Sasohan\" class=\"wp-image-190\" style=\"aspect-ratio:0.7583516644669306;object-fit:contain;width:350px;height:auto\" srcset=\"https:\/\/papernook.elodieplume.com\/wp-content\/uploads\/2026\/03\/Paper-Nook-Devanture-a-laquarelle-Cafe-Sasohan.jpg 819w, https:\/\/papernook.elodieplume.com\/wp-content\/uploads\/2026\/03\/Paper-Nook-Devanture-a-laquarelle-Cafe-Sasohan-228x300.jpg 228w, https:\/\/papernook.elodieplume.com\/wp-content\/uploads\/2026\/03\/Paper-Nook-Devanture-a-laquarelle-Cafe-Sasohan-777x1024.jpg 777w, https:\/\/papernook.elodieplume.com\/wp-content\/uploads\/2026\/03\/Paper-Nook-Devanture-a-laquarelle-Cafe-Sasohan-768x1013.jpg 768w\" sizes=\"auto, (max-width: 819px) 100vw, 819px\" \/><\/figure>\n\n\n\n<div class=\"wp-block-group has-global-padding is-layout-constrained wp-block-group-is-layout-constrained\" style=\"margin-top:-12vw\">\n<figure class=\"wp-block-image alignright size-full is-resized\" style=\"margin-right:-2.3vw;margin-left:-2.3vw\"><img loading=\"lazy\" decoding=\"async\" width=\"849\" height=\"1080\" src=\"https:\/\/papernook.elodieplume.com\/wp-content\/uploads\/2026\/03\/Paper-Nook-Devanture-a-laquarelle-Deja-Brew.jpg\" alt=\"Paper Nook - Devanture \u00e0 l'aquarelle - Deja Brew\" class=\"wp-image-191\" style=\"aspect-ratio:0.7138203301860747;object-fit:contain;width:256px;height:auto\" srcset=\"https:\/\/papernook.elodieplume.com\/wp-content\/uploads\/2026\/03\/Paper-Nook-Devanture-a-laquarelle-Deja-Brew.jpg 849w, https:\/\/papernook.elodieplume.com\/wp-content\/uploads\/2026\/03\/Paper-Nook-Devanture-a-laquarelle-Deja-Brew-236x300.jpg 236w, https:\/\/papernook.elodieplume.com\/wp-content\/uploads\/2026\/03\/Paper-Nook-Devanture-a-laquarelle-Deja-Brew-805x1024.jpg 805w, https:\/\/papernook.elodieplume.com\/wp-content\/uploads\/2026\/03\/Paper-Nook-Devanture-a-laquarelle-Deja-Brew-768x977.jpg 768w\" sizes=\"auto, (max-width: 849px) 100vw, 849px\" \/><\/figure>\n<\/div>\n<\/div>\n<\/div>\n<\/div>\n\n\n\n<div class=\"wp-block-group alignfull has-background has-global-padding is-layout-constrained wp-container-core-group-is-layout-dfb97cfe wp-block-group-is-layout-constrained\" style=\"background-color:#f6f2ee;margin-top:0;margin-bottom:0;padding-top:var(--wp--preset--spacing--50);padding-bottom:var(--wp--preset--spacing--50)\">\n<h2 class=\"wp-block-heading has-text-align-center has-xx-large-font-size\" style=\"margin-right:0;margin-left:0;padding-right:0;padding-left:0\">Let's work together! <\/h2>\n\n\n\n<div class=\"wp-block-columns alignwide is-layout-flex wp-container-core-columns-is-layout-28f84493 wp-block-columns-is-layout-flex\">\n<div class=\"wp-block-column is-layout-flow wp-block-column-is-layout-flow\">\n<figure class=\"wp-block-image size-full\" style=\"margin-bottom:24px\"><img loading=\"lazy\" decoding=\"async\" width=\"591\" height=\"442\" src=\"https:\/\/papernook.elodieplume.com\/wp-content\/uploads\/2026\/03\/Paper-Nook-planches-de-stickers-a-laquarelle.jpg\" alt=\"Paper Nook - planches de stickers \u00e0 l'aquarelle\" class=\"wp-image-196\" style=\"aspect-ratio:4\/3;object-fit:cover\" srcset=\"https:\/\/papernook.elodieplume.com\/wp-content\/uploads\/2026\/03\/Paper-Nook-planches-de-stickers-a-laquarelle.jpg 591w, https:\/\/papernook.elodieplume.com\/wp-content\/uploads\/2026\/03\/Paper-Nook-planches-de-stickers-a-laquarelle-300x224.jpg 300w\" sizes=\"auto, (max-width: 591px) 100vw, 591px\" \/><\/figure>\n\n\n\n<h3 class=\"wp-block-heading\">Sticker sheets<\/h3>\n\n\n\n<p class=\"has-medium-font-size\">I create custom sticker sheets to highlight an event or your establishment. <\/p>\n<\/div>\n\n\n\n<div class=\"wp-block-column is-layout-flow wp-block-column-is-layout-flow\">\n<figure class=\"wp-block-image size-full\" style=\"margin-bottom:24px\"><img loading=\"lazy\" decoding=\"async\" width=\"591\" height=\"442\" src=\"https:\/\/papernook.elodieplume.com\/wp-content\/uploads\/2026\/03\/Paper-Nook-devanture-personnalises-a-laquarelle.jpg\" alt=\"Paper Nook - devanture personnalis\u00e9s \u00e0 l'aquarelle\" class=\"wp-image-194\" style=\"aspect-ratio:4\/3;object-fit:cover\" srcset=\"https:\/\/papernook.elodieplume.com\/wp-content\/uploads\/2026\/03\/Paper-Nook-devanture-personnalises-a-laquarelle.jpg 591w, https:\/\/papernook.elodieplume.com\/wp-content\/uploads\/2026\/03\/Paper-Nook-devanture-personnalises-a-laquarelle-300x224.jpg 300w\" sizes=\"auto, (max-width: 591px) 100vw, 591px\" \/><\/figure>\n\n\n\n<h3 class=\"wp-block-heading\">Mini shop fronts<\/h3>\n\n\n\n<p class=\"has-medium-font-size\">Are you looking for an original illustration to give as a gift? I create custom storefronts for all occasions! <\/p>\n<\/div>\n\n\n\n<div class=\"wp-block-column is-layout-flow wp-block-column-is-layout-flow\">\n<figure class=\"wp-block-image size-full\" style=\"margin-bottom:24px\"><img loading=\"lazy\" decoding=\"async\" width=\"591\" height=\"442\" src=\"https:\/\/papernook.elodieplume.com\/wp-content\/uploads\/2026\/03\/Paper-Nook-carnets-personnalises-a-laquarelle.jpg\" alt=\"Paper Nook - carnets personnalis\u00e9s \u00e0 l'aquarelle\" class=\"wp-image-195\" style=\"aspect-ratio:4\/3;object-fit:cover\" srcset=\"https:\/\/papernook.elodieplume.com\/wp-content\/uploads\/2026\/03\/Paper-Nook-carnets-personnalises-a-laquarelle.jpg 591w, https:\/\/papernook.elodieplume.com\/wp-content\/uploads\/2026\/03\/Paper-Nook-carnets-personnalises-a-laquarelle-300x224.jpg 300w\" sizes=\"auto, (max-width: 591px) 100vw, 591px\" \/><\/figure>\n\n\n\n<h3 class=\"wp-block-heading\">Creative stationery<\/h3>\n\n\n\n<p class=\"has-medium-font-size\">Notebooks, stickers\u2026 I create the visuals you need and guide you through the process with suppliers. <\/p>\n<\/div>\n<\/div>\n\n\n\n<div class=\"wp-block-buttons is-content-justification-center is-layout-flex wp-container-core-buttons-is-layout-a89b3969 wp-block-buttons-is-layout-flex\">\n<div class=\"wp-block-button\"><a class=\"wp-block-button__link wp-element-button\" href=\"https:\/\/elodieplume.com\/contact\/\" target=\"_blank\" rel=\"noreferrer noopener\">Contact me<\/a><\/div>\n<\/div>\n<\/div>","protected":false},"excerpt":{"rendered":"<p>Bonjour ! Je suis Elodie, plus connue sous mon nom d&rsquo;artiste Elodie Plume. Depuis toute petite, je suis passionn\u00e9e par les carnets en tout genre. En 2016, je d\u00e9couvre le concept du Bullet Journal, et c&rsquo;est une r\u00e9v\u00e9lation ! Je publie m\u00eame un livre sur le sujet en 2017, \u00ab\u00a0Bullet R\u00e9volution\u00a0\u00bb. Aujourd&rsquo;hui, les carnets et [&hellip;]<\/p>\n","protected":false},"author":1,"featured_media":0,"parent":0,"menu_order":0,"comment_status":"closed","ping_status":"closed","template":"page-no-title","meta":{"footnotes":""},"class_list":["post-172","page","type-page","status-publish","hentry"],"_links":{"self":[{"href":"https:\/\/papernook.elodieplume.com\/en\/wp-json\/wp\/v2\/pages\/172","targetHints":{"allow":["GET"]}}],"collection":[{"href":"https:\/\/papernook.elodieplume.com\/en\/wp-json\/wp\/v2\/pages"}],"about":[{"href":"https:\/\/papernook.elodieplume.com\/en\/wp-json\/wp\/v2\/types\/page"}],"author":[{"embeddable":true,"href":"https:\/\/papernook.elodieplume.com\/en\/wp-json\/wp\/v2\/users\/1"}],"replies":[{"embeddable":true,"href":"https:\/\/papernook.elodieplume.com\/en\/wp-json\/wp\/v2\/comments?post=172"}],"version-history":[{"count":9,"href":"https:\/\/papernook.elodieplume.com\/en\/wp-json\/wp\/v2\/pages\/172\/revisions"}],"predecessor-version":[{"id":235,"href":"https:\/\/papernook.elodieplume.com\/en\/wp-json\/wp\/v2\/pages\/172\/revisions\/235"}],"wp:attachment":[{"href":"https:\/\/papernook.elodieplume.com\/en\/wp-json\/wp\/v2\/media?parent=172"}],"curies":[{"name":"wp","href":"https:\/\/api.w.org\/{rel}","templated":true}]}}