{"id":199,"date":"2026-03-23T10:27:50","date_gmt":"2026-03-23T09:27:50","guid":{"rendered":"https:\/\/papernook.elodieplume.com\/?page_id=199"},"modified":"2026-03-23T10:28:56","modified_gmt":"2026-03-23T09:28:56","slug":"mentions-legales","status":"publish","type":"page","link":"https:\/\/papernook.elodieplume.com\/en\/mentions-legales\/","title":{"rendered":"Legal notice"},"content":{"rendered":"<div class=\"wp-block-group alignfull has-background has-global-padding is-content-justification-center is-layout-constrained wp-container-core-group-is-layout-2cd934a7 wp-block-group-is-layout-constrained\" style=\"background-color:#f6f2ee;min-height:0vh;margin-top:0;margin-bottom:0;padding-top:var(--wp--preset--spacing--50);padding-right:var(--wp--preset--spacing--40);padding-bottom:var(--wp--preset--spacing--50);padding-left:var(--wp--preset--spacing--40)\">\n<div class=\"wp-block-group has-global-padding is-content-justification-left is-layout-constrained wp-container-core-group-is-layout-b89aab46 wp-block-group-is-layout-constrained\">\n<h2 class=\"wp-block-heading has-text-align-center has-xx-large-font-size\" style=\"margin-right:0;margin-left:0;padding-right:0;padding-left:0\">Legal notice<\/h2>\n\n\n\n<h3 class=\"wp-block-heading has-text-align-left\">1. Entreprise<\/h3>\n\n\n\n<p>Elodie Plume EI<br>Site internet : www.papernook.elodieplume.com<br>Num\u00e9ro SIRET : 841 105 570 00011<br>Codes APE Micro-entreprise : 1723Z<br>Registre du Commerce et des Soci\u00e9t\u00e9s de Lyon : 841 105 570 RCS Lyon<br>Si\u00e8ge social : 151 rue Michel Lapandery, 69210 L\u2019ARBRESLE<\/p>\n\n\n\n<h3 class=\"wp-block-heading\">2. H\u00e9bergeur<\/h3>\n\n\n\n<p>1&amp;1 IONOS SARL<br>Si\u00e8ge social : 7 place de la Gare, BP 70109, 57200 Sarreguemines CEDEX<br>Adresse email (Service client) : info@ionos.fr<br>T\u00e9l\u00e9phone (Service client) : 09 70 808 911<\/p>\n\n\n\n<h3 class=\"wp-block-heading\">3. Responsable du traitement des donn\u00e9es personnelles<\/h3>\n\n\n\n<p>Elodie Pou\u00ebssel<br>Entreprise Elodie Plume<\/p>\n\n\n\n<h3 class=\"wp-block-heading\">4. Responsable de la publication<\/h3>\n\n\n\n<p>Elodie Pou\u00ebssel<br>Entreprise Elodie Plume<\/p>\n\n\n\n<h3 class=\"wp-block-heading\">5. Propri\u00e9t\u00e9 intellectuelle et contrefa\u00e7ons.<\/h3>\n\n\n\n<p>Elodie Pou\u00ebssel est propri\u00e9taire des droits de propri\u00e9t\u00e9 intellectuelle ou d\u00e9tient les droits d\u2019usage sur tous les \u00e9l\u00e9ments accessibles sur le site, notamment les textes, images, graphismes, logo, ic\u00f4nes, sons, logiciels.<\/p>\n\n\n\n<p>Toute reproduction, repr\u00e9sentation, modification, publication, adaptation de tout ou partie des \u00e9l\u00e9ments du site, quel que soit le moyen ou le proc\u00e9d\u00e9 utilis\u00e9, est interdite, sauf autorisation \u00e9crite pr\u00e9alable d\u2019Elodie Pou\u00ebssel.<\/p>\n\n\n\n<p class=\"has-text-align-left\" style=\"margin-right:0;margin-left:0;padding-right:0;padding-left:0\">Toute exploitation non autoris\u00e9e du site ou de l\u2019un quelconque des \u00e9l\u00e9ments qu\u2019il contient sera consid\u00e9r\u00e9e comme constitutive d\u2019une contrefa\u00e7on et poursuivie conform\u00e9ment aux dispositions des articles L.335-2 et suivants du Code de Propri\u00e9t\u00e9 Intellectuelle.<\/p>\n<\/div>\n<\/div>","protected":false},"excerpt":{"rendered":"<p>Mentions l\u00e9gales 1. Entreprise Elodie Plume EISite internet : www.papernook.elodieplume.comNum\u00e9ro SIRET : 841 105 570 00011Codes APE Micro-entreprise : 1723ZRegistre du Commerce et des Soci\u00e9t\u00e9s de Lyon : 841 105 570 RCS LyonSi\u00e8ge social : 151 rue Michel Lapandery, 69210 L\u2019ARBRESLE 2. H\u00e9bergeur 1&amp;1 IONOS SARLSi\u00e8ge social : 7 place de la Gare, BP 70109, [&hellip;]<\/p>\n","protected":false},"author":1,"featured_media":0,"parent":0,"menu_order":0,"comment_status":"closed","ping_status":"closed","template":"page-no-title","meta":{"footnotes":""},"class_list":["post-199","page","type-page","status-publish","hentry"],"_links":{"self":[{"href":"https:\/\/papernook.elodieplume.com\/en\/wp-json\/wp\/v2\/pages\/199","targetHints":{"allow":["GET"]}}],"collection":[{"href":"https:\/\/papernook.elodieplume.com\/en\/wp-json\/wp\/v2\/pages"}],"about":[{"href":"https:\/\/papernook.elodieplume.com\/en\/wp-json\/wp\/v2\/types\/page"}],"author":[{"embeddable":true,"href":"https:\/\/papernook.elodieplume.com\/en\/wp-json\/wp\/v2\/users\/1"}],"replies":[{"embeddable":true,"href":"https:\/\/papernook.elodieplume.com\/en\/wp-json\/wp\/v2\/comments?post=199"}],"version-history":[{"count":2,"href":"https:\/\/papernook.elodieplume.com\/en\/wp-json\/wp\/v2\/pages\/199\/revisions"}],"predecessor-version":[{"id":201,"href":"https:\/\/papernook.elodieplume.com\/en\/wp-json\/wp\/v2\/pages\/199\/revisions\/201"}],"wp:attachment":[{"href":"https:\/\/papernook.elodieplume.com\/en\/wp-json\/wp\/v2\/media?parent=199"}],"curies":[{"name":"wp","href":"https:\/\/api.w.org\/{rel}","templated":true}]}}