{"id":20,"date":"2026-03-20T10:56:16","date_gmt":"2026-03-20T09:56:16","guid":{"rendered":"https:\/\/papernook.elodieplume.com\/?page_id=20"},"modified":"2026-04-20T10:43:21","modified_gmt":"2026-04-20T09:43:21","slug":"paper-nook","status":"publish","type":"page","link":"https:\/\/papernook.elodieplume.com\/en\/","title":{"rendered":"Paper Nook"},"content":{"rendered":"<div class=\"wp-block-group alignfull is-style-section-1 has-global-padding is-layout-constrained wp-container-core-group-is-layout-8e206a3e wp-block-group-is-layout-constrained has-background is-style-section-1--1\" style=\"margin-top:0;margin-bottom:0;padding-top:0px;padding-right:0;padding-bottom:0px;background-image:url(&apos;https:\/\/papernook.elodieplume.com\/wp-content\/uploads\/2026\/03\/Paper-Nook-Fond-Kraft-HD-scaled.jpg&apos;);background-size:cover;\">\n<div class=\"wp-block-columns alignwide is-layout-flex wp-container-core-columns-is-layout-a85f4655 wp-block-columns-is-layout-flex\">\n<div class=\"wp-block-column is-layout-flow wp-block-column-is-layout-flow\" style=\"padding-right:0;padding-left:var(--wp--preset--spacing--70);flex-basis:40%\">\n<figure class=\"wp-block-image size-large is-resized homepage-papernookclub-img1\"><img loading=\"lazy\" decoding=\"async\" width=\"545\" height=\"1024\" src=\"https:\/\/papernook.elodieplume.com\/wp-content\/uploads\/2026\/03\/Paper-Nook-Planche-de-stickers-545x1024.png\" alt=\"\" class=\"wp-image-82\" style=\"aspect-ratio:0.7998118791438207;object-fit:contain;width:372px;height:auto\" srcset=\"https:\/\/papernook.elodieplume.com\/wp-content\/uploads\/2026\/03\/Paper-Nook-Planche-de-stickers-545x1024.png 545w, https:\/\/papernook.elodieplume.com\/wp-content\/uploads\/2026\/03\/Paper-Nook-Planche-de-stickers-160x300.png 160w, https:\/\/papernook.elodieplume.com\/wp-content\/uploads\/2026\/03\/Paper-Nook-Planche-de-stickers-768x1443.png 768w, https:\/\/papernook.elodieplume.com\/wp-content\/uploads\/2026\/03\/Paper-Nook-Planche-de-stickers-817x1536.png 817w, https:\/\/papernook.elodieplume.com\/wp-content\/uploads\/2026\/03\/Paper-Nook-Planche-de-stickers-1090x2048.png 1090w, https:\/\/papernook.elodieplume.com\/wp-content\/uploads\/2026\/03\/Paper-Nook-Planche-de-stickers-scaled.png 1362w\" sizes=\"auto, (max-width: 545px) 100vw, 545px\" \/><\/figure>\n\n\n\n<div class=\"wp-block-group has-global-padding is-layout-constrained wp-block-group-is-layout-constrained\" style=\"margin-top:-12vw\">\n<figure class=\"wp-block-image alignright size-full is-resized homepage-papernookclub-img2\" style=\"margin-right:-5vw;margin-left:-5vw\"><img loading=\"lazy\" decoding=\"async\" width=\"1921\" height=\"2560\" src=\"https:\/\/papernook.elodieplume.com\/wp-content\/uploads\/2026\/03\/2602-Apercu-scaled.png\" alt=\"\" class=\"wp-image-81\" style=\"aspect-ratio:1.166365932876218;object-fit:contain;width:312px;height:auto\" srcset=\"https:\/\/papernook.elodieplume.com\/wp-content\/uploads\/2026\/03\/2602-Apercu-scaled.png 1921w, https:\/\/papernook.elodieplume.com\/wp-content\/uploads\/2026\/03\/2602-Apercu-225x300.png 225w, https:\/\/papernook.elodieplume.com\/wp-content\/uploads\/2026\/03\/2602-Apercu-769x1024.png 769w, https:\/\/papernook.elodieplume.com\/wp-content\/uploads\/2026\/03\/2602-Apercu-768x1023.png 768w, https:\/\/papernook.elodieplume.com\/wp-content\/uploads\/2026\/03\/2602-Apercu-1153x1536.png 1153w, https:\/\/papernook.elodieplume.com\/wp-content\/uploads\/2026\/03\/2602-Apercu-1537x2048.png 1537w\" sizes=\"auto, (max-width: 1921px) 100vw, 1921px\" \/><\/figure>\n<\/div>\n<\/div>\n\n\n\n<div class=\"wp-block-column is-vertically-aligned-center has-global-padding is-content-justification-center is-layout-constrained wp-container-core-column-is-layout-ee9dfa02 wp-block-column-is-layout-constrained\" style=\"padding-right:var(--wp--preset--spacing--40);padding-left:0;flex-basis:75%\">\n<h1 class=\"wp-block-heading has-text-align-center\" style=\"padding-top:var(--wp--preset--spacing--20)\">Your journaling kit to discover each month <\/h1>\n\n\n\n<p class=\"has-text-align-center is-style-text-subtitle has-medium-font-size is-style-text-subtitle--2\" style=\"padding-top:0;padding-bottom:var(--wp--preset--spacing--40)\">The <strong>Paper Nook Club<\/strong>, it's a thoughtfully designed journaling kit, containing exclusive, hand-drawn, and watercolor-painted creations!<\/p>\n\n\n\n<div class=\"wp-block-buttons is-content-justification-center is-layout-flex wp-container-core-buttons-is-layout-f4a38f6b wp-block-buttons-is-layout-flex\" style=\"padding-bottom:var(--wp--preset--spacing--30)\">\n<div class=\"wp-block-button has-custom-width wp-block-button__width-75\"><a class=\"wp-block-button__link has-text-align-center wp-element-button\" href=\"https:\/\/papernook.elodieplume.com\/en\/paper-nook-club-stickers\/\">Discover the Paper Nook Club<\/a><\/div>\n<\/div>\n<\/div>\n<\/div>\n<\/div>\n\n\n\n\n\n\n\n<aside class=\"wp-block-group alignfull is-style-section-3 has-base-background-color has-background is-layout-flow wp-block-group-is-layout-flow is-style-section-3--7\" style=\"margin-top:0;margin-bottom:0;padding-top:var(--wp--preset--spacing--50);padding-right:var(--wp--preset--spacing--80);padding-bottom:var(--wp--preset--spacing--70);padding-left:var(--wp--preset--spacing--80);background-image:url(&apos;https:\/\/papernook.elodieplume.com\/wp-content\/uploads\/2026\/03\/Paper-Nook-Fond-petits-carreaux-HD-scaled.jpg&apos;);background-position:50% 0;background-size:auto;\">\n<h2 class=\"wp-block-heading has-text-align-center has-xx-large-font-size\" style=\"margin-top:var(--wp--preset--spacing--50);margin-bottom:var(--wp--preset--spacing--50)\">Your little notes<\/h2>\n\n\n\n<div class=\"wp-block-columns is-layout-flex wp-container-core-columns-is-layout-28f84493 wp-block-columns-is-layout-flex\">\n<div class=\"wp-block-column is-layout-flow wp-block-column-is-layout-flow\">\n<div class=\"wp-block-group has-global-padding is-layout-constrained wp-block-group-is-layout-constrained\">\n<div class=\"wp-block-columns is-layout-flex wp-container-core-columns-is-layout-08c01c1c wp-block-columns-is-layout-flex\">\n<div class=\"wp-block-column is-layout-flow wp-block-column-is-layout-flow\" style=\"flex-basis:64px\">\n<figure class=\"wp-block-image alignright size-full is-resized is-style-rounded\"><img loading=\"lazy\" decoding=\"async\" width=\"514\" height=\"514\" src=\"https:\/\/papernook.elodieplume.com\/wp-content\/uploads\/2026\/03\/Paper-Nook-Avis-clients.png\" alt=\"\" class=\"wp-image-97\" style=\"aspect-ratio:1;object-fit:cover;width:35px\" srcset=\"https:\/\/papernook.elodieplume.com\/wp-content\/uploads\/2026\/03\/Paper-Nook-Avis-clients.png 514w, https:\/\/papernook.elodieplume.com\/wp-content\/uploads\/2026\/03\/Paper-Nook-Avis-clients-300x300.png 300w, https:\/\/papernook.elodieplume.com\/wp-content\/uploads\/2026\/03\/Paper-Nook-Avis-clients-150x150.png 150w\" sizes=\"auto, (max-width: 514px) 100vw, 514px\" \/><\/figure>\n<\/div>\n\n\n\n<div class=\"wp-block-column is-layout-flow wp-block-column-is-layout-flow\">\n<blockquote class=\"wp-block-quote is-style-plain has-x-large-font-size is-layout-flow wp-container-core-quote-is-layout-119bc444 wp-block-quote-is-layout-flow is-style-plain--8\" style=\"font-style:normal;font-weight:400\">\n<p class=\"has-recoleta-font-family has-large-font-size\" style=\"padding-top:var(--wp--preset--spacing--40);letter-spacing:0px;line-height:1.4\">Thank you for the October set, it's beautiful! I've already started decorating my planner!<\/p>\n<\/blockquote>\n<\/div>\n<\/div>\n<\/div>\n<\/div>\n\n\n\n<div class=\"wp-block-column is-layout-flow wp-block-column-is-layout-flow\">\n<div class=\"wp-block-group has-global-padding is-layout-constrained wp-block-group-is-layout-constrained\">\n<div class=\"wp-block-columns is-layout-flex wp-container-core-columns-is-layout-08c01c1c wp-block-columns-is-layout-flex\">\n<div class=\"wp-block-column is-layout-flow wp-block-column-is-layout-flow\" style=\"flex-basis:64px\">\n<figure class=\"wp-block-image alignright size-full is-resized is-style-rounded\"><img loading=\"lazy\" decoding=\"async\" width=\"514\" height=\"514\" src=\"https:\/\/papernook.elodieplume.com\/wp-content\/uploads\/2026\/03\/Paper-Nook-Avis-clients.png\" alt=\"\" class=\"wp-image-97\" style=\"aspect-ratio:1;object-fit:cover;width:35px\" srcset=\"https:\/\/papernook.elodieplume.com\/wp-content\/uploads\/2026\/03\/Paper-Nook-Avis-clients.png 514w, https:\/\/papernook.elodieplume.com\/wp-content\/uploads\/2026\/03\/Paper-Nook-Avis-clients-300x300.png 300w, https:\/\/papernook.elodieplume.com\/wp-content\/uploads\/2026\/03\/Paper-Nook-Avis-clients-150x150.png 150w\" sizes=\"auto, (max-width: 514px) 100vw, 514px\" \/><\/figure>\n<\/div>\n\n\n\n<div class=\"wp-block-column is-layout-flow wp-block-column-is-layout-flow\">\n<blockquote class=\"wp-block-quote is-style-plain has-x-large-font-size is-layout-flow wp-container-core-quote-is-layout-119bc444 wp-block-quote-is-layout-flow is-style-plain--9\" style=\"font-style:normal;font-weight:400\">\n<p class=\"has-recoleta-font-family has-large-font-size\" style=\"padding-top:var(--wp--preset--spacing--40);letter-spacing:0px;line-height:1.4\">I love discovering the envelope of the month, it's always a little moment of happiness. I recommend it 100%%!<\/p>\n<\/blockquote>\n<\/div>\n<\/div>\n<\/div>\n<\/div>\n\n\n\n<div class=\"wp-block-column is-layout-flow wp-block-column-is-layout-flow\">\n<div class=\"wp-block-group has-global-padding is-layout-constrained wp-block-group-is-layout-constrained\">\n<div class=\"wp-block-columns is-layout-flex wp-container-core-columns-is-layout-08c01c1c wp-block-columns-is-layout-flex\">\n<div class=\"wp-block-column is-layout-flow wp-block-column-is-layout-flow\" style=\"flex-basis:64px\">\n<figure class=\"wp-block-image alignright size-full is-resized is-style-rounded\"><img loading=\"lazy\" decoding=\"async\" width=\"514\" height=\"514\" src=\"https:\/\/papernook.elodieplume.com\/wp-content\/uploads\/2026\/03\/Paper-Nook-Avis-clients.png\" alt=\"\" class=\"wp-image-97\" style=\"aspect-ratio:1;object-fit:cover;width:35px\" srcset=\"https:\/\/papernook.elodieplume.com\/wp-content\/uploads\/2026\/03\/Paper-Nook-Avis-clients.png 514w, https:\/\/papernook.elodieplume.com\/wp-content\/uploads\/2026\/03\/Paper-Nook-Avis-clients-300x300.png 300w, https:\/\/papernook.elodieplume.com\/wp-content\/uploads\/2026\/03\/Paper-Nook-Avis-clients-150x150.png 150w\" sizes=\"auto, (max-width: 514px) 100vw, 514px\" \/><\/figure>\n<\/div>\n\n\n\n<div class=\"wp-block-column is-layout-flow wp-block-column-is-layout-flow\">\n<blockquote class=\"wp-block-quote is-style-plain has-x-large-font-size is-layout-flow wp-container-core-quote-is-layout-119bc444 wp-block-quote-is-layout-flow is-style-plain--10\" style=\"font-style:normal;font-weight:400\">\n<p class=\"has-recoleta-font-family has-large-font-size\" style=\"padding-top:var(--wp--preset--spacing--40);letter-spacing:0px;line-height:1.4\">The illustrations are beautiful, you can tell that everything is done with care.<\/p>\n<\/blockquote>\n<\/div>\n<\/div>\n<\/div>\n<\/div>\n\n\n\n<div class=\"wp-block-column is-layout-flow wp-block-column-is-layout-flow\">\n<div class=\"wp-block-group has-global-padding is-layout-constrained wp-block-group-is-layout-constrained\">\n<div class=\"wp-block-columns is-layout-flex wp-container-core-columns-is-layout-08c01c1c wp-block-columns-is-layout-flex\">\n<div class=\"wp-block-column is-layout-flow wp-block-column-is-layout-flow\" style=\"flex-basis:64px\">\n<figure class=\"wp-block-image alignright size-full is-resized is-style-rounded\"><img loading=\"lazy\" decoding=\"async\" width=\"514\" height=\"514\" src=\"https:\/\/papernook.elodieplume.com\/wp-content\/uploads\/2026\/03\/Paper-Nook-Avis-clients.png\" alt=\"\" class=\"wp-image-97\" style=\"aspect-ratio:1;object-fit:cover;width:35px\" srcset=\"https:\/\/papernook.elodieplume.com\/wp-content\/uploads\/2026\/03\/Paper-Nook-Avis-clients.png 514w, https:\/\/papernook.elodieplume.com\/wp-content\/uploads\/2026\/03\/Paper-Nook-Avis-clients-300x300.png 300w, https:\/\/papernook.elodieplume.com\/wp-content\/uploads\/2026\/03\/Paper-Nook-Avis-clients-150x150.png 150w\" sizes=\"auto, (max-width: 514px) 100vw, 514px\" \/><\/figure>\n<\/div>\n\n\n\n<div class=\"wp-block-column is-layout-flow wp-block-column-is-layout-flow\">\n<blockquote class=\"wp-block-quote is-style-plain has-x-large-font-size is-layout-flow wp-container-core-quote-is-layout-119bc444 wp-block-quote-is-layout-flow is-style-plain--11\" style=\"font-style:normal;font-weight:400\">\n<p class=\"has-recoleta-font-family has-large-font-size\" style=\"padding-top:var(--wp--preset--spacing--40);letter-spacing:0px;line-height:1.4\">I signed up for the Mail Club out of curiosity... and it quickly became an appointment I eagerly anticipate! <\/p>\n<\/blockquote>\n<\/div>\n<\/div>\n<\/div>\n<\/div>\n<\/div>\n<\/aside>\n\n\n\n<aside class=\"wp-block-group alignfull is-style-section-3 has-base-background-color has-background is-layout-flow wp-block-group-is-layout-flow is-style-section-3--12\" style=\"margin-top:0;margin-bottom:0;padding-top:0;padding-right:0;padding-bottom:0;padding-left:0\">\n<figure class=\"wp-block-gallery has-nested-images columns-8 is-cropped wp-block-gallery-13 is-layout-flex wp-block-gallery-is-layout-flex\">\n<figure class=\"wp-block-image size-large\"><img loading=\"lazy\" decoding=\"async\" width=\"819\" height=\"1024\" data-id=\"255\" src=\"https:\/\/papernook.elodieplume.com\/wp-content\/uploads\/2026\/04\/26-04-Carnet-819x1024.jpg\" alt=\"\" class=\"wp-image-255\" style=\"aspect-ratio:3\/4\" srcset=\"https:\/\/papernook.elodieplume.com\/wp-content\/uploads\/2026\/04\/26-04-Carnet-819x1024.jpg 819w, https:\/\/papernook.elodieplume.com\/wp-content\/uploads\/2026\/04\/26-04-Carnet-240x300.jpg 240w, https:\/\/papernook.elodieplume.com\/wp-content\/uploads\/2026\/04\/26-04-Carnet-768x960.jpg 768w, https:\/\/papernook.elodieplume.com\/wp-content\/uploads\/2026\/04\/26-04-Carnet-10x12.jpg 10w, https:\/\/papernook.elodieplume.com\/wp-content\/uploads\/2026\/04\/26-04-Carnet.jpg 1080w\" sizes=\"auto, (max-width: 819px) 100vw, 819px\" \/><\/figure>\n\n\n\n<figure class=\"wp-block-image size-large\"><img loading=\"lazy\" decoding=\"async\" width=\"819\" height=\"1024\" data-id=\"254\" src=\"https:\/\/papernook.elodieplume.com\/wp-content\/uploads\/2026\/04\/26-04-Stickers-819x1024.jpg\" alt=\"\" class=\"wp-image-254\" style=\"aspect-ratio:3\/4\" srcset=\"https:\/\/papernook.elodieplume.com\/wp-content\/uploads\/2026\/04\/26-04-Stickers-819x1024.jpg 819w, https:\/\/papernook.elodieplume.com\/wp-content\/uploads\/2026\/04\/26-04-Stickers-240x300.jpg 240w, https:\/\/papernook.elodieplume.com\/wp-content\/uploads\/2026\/04\/26-04-Stickers-768x960.jpg 768w, https:\/\/papernook.elodieplume.com\/wp-content\/uploads\/2026\/04\/26-04-Stickers-10x12.jpg 10w, https:\/\/papernook.elodieplume.com\/wp-content\/uploads\/2026\/04\/26-04-Stickers.jpg 1080w\" sizes=\"auto, (max-width: 819px) 100vw, 819px\" \/><\/figure>\n\n\n\n<figure class=\"wp-block-image size-large\"><img loading=\"lazy\" decoding=\"async\" width=\"819\" height=\"1024\" data-id=\"107\" src=\"https:\/\/papernook.elodieplume.com\/wp-content\/uploads\/2026\/03\/26-03-Weekly-Filofax-819x1024.jpg\" alt=\"\" class=\"wp-image-107\" style=\"aspect-ratio:3\/4\" srcset=\"https:\/\/papernook.elodieplume.com\/wp-content\/uploads\/2026\/03\/26-03-Weekly-Filofax-819x1024.jpg 819w, https:\/\/papernook.elodieplume.com\/wp-content\/uploads\/2026\/03\/26-03-Weekly-Filofax-240x300.jpg 240w, https:\/\/papernook.elodieplume.com\/wp-content\/uploads\/2026\/03\/26-03-Weekly-Filofax-768x960.jpg 768w, https:\/\/papernook.elodieplume.com\/wp-content\/uploads\/2026\/03\/26-03-Weekly-Filofax.jpg 1080w\" sizes=\"auto, (max-width: 819px) 100vw, 819px\" \/><\/figure>\n\n\n\n<figure class=\"wp-block-image size-medium\"><img loading=\"lazy\" decoding=\"async\" width=\"240\" height=\"300\" data-id=\"106\" src=\"https:\/\/papernook.elodieplume.com\/wp-content\/uploads\/2026\/03\/26-03-Stickers-240x300.jpg\" alt=\"\" class=\"wp-image-106\" style=\"aspect-ratio:3\/4\" srcset=\"https:\/\/papernook.elodieplume.com\/wp-content\/uploads\/2026\/03\/26-03-Stickers-240x300.jpg 240w, https:\/\/papernook.elodieplume.com\/wp-content\/uploads\/2026\/03\/26-03-Stickers-819x1024.jpg 819w, https:\/\/papernook.elodieplume.com\/wp-content\/uploads\/2026\/03\/26-03-Stickers-768x960.jpg 768w, https:\/\/papernook.elodieplume.com\/wp-content\/uploads\/2026\/03\/26-03-Stickers.jpg 1080w\" sizes=\"auto, (max-width: 240px) 100vw, 240px\" \/><\/figure>\n\n\n\n<figure class=\"wp-block-image size-large\"><img loading=\"lazy\" decoding=\"async\" width=\"576\" height=\"1024\" data-id=\"110\" src=\"https:\/\/papernook.elodieplume.com\/wp-content\/uploads\/2026\/03\/26-03-REEL-Tracker-576x1024.jpg\" alt=\"\" class=\"wp-image-110\" style=\"aspect-ratio:3\/4\" srcset=\"https:\/\/papernook.elodieplume.com\/wp-content\/uploads\/2026\/03\/26-03-REEL-Tracker-576x1024.jpg 576w, https:\/\/papernook.elodieplume.com\/wp-content\/uploads\/2026\/03\/26-03-REEL-Tracker-169x300.jpg 169w, https:\/\/papernook.elodieplume.com\/wp-content\/uploads\/2026\/03\/26-03-REEL-Tracker-768x1365.jpg 768w, https:\/\/papernook.elodieplume.com\/wp-content\/uploads\/2026\/03\/26-03-REEL-Tracker-864x1536.jpg 864w, https:\/\/papernook.elodieplume.com\/wp-content\/uploads\/2026\/03\/26-03-REEL-Tracker.jpg 1080w\" sizes=\"auto, (max-width: 576px) 100vw, 576px\" \/><\/figure>\n\n\n\n<figure class=\"wp-block-image size-large\"><img loading=\"lazy\" decoding=\"async\" width=\"819\" height=\"1024\" data-id=\"111\" src=\"https:\/\/papernook.elodieplume.com\/wp-content\/uploads\/2026\/03\/PUBLI-IG-Mail-Club-819x1024.png\" alt=\"\" class=\"wp-image-111\" style=\"aspect-ratio:3\/4\" srcset=\"https:\/\/papernook.elodieplume.com\/wp-content\/uploads\/2026\/03\/PUBLI-IG-Mail-Club-819x1024.png 819w, https:\/\/papernook.elodieplume.com\/wp-content\/uploads\/2026\/03\/PUBLI-IG-Mail-Club-240x300.png 240w, https:\/\/papernook.elodieplume.com\/wp-content\/uploads\/2026\/03\/PUBLI-IG-Mail-Club-768x960.png 768w, https:\/\/papernook.elodieplume.com\/wp-content\/uploads\/2026\/03\/PUBLI-IG-Mail-Club.png 1080w\" sizes=\"auto, (max-width: 819px) 100vw, 819px\" \/><\/figure>\n\n\n\n<figure class=\"wp-block-image size-large\"><img loading=\"lazy\" decoding=\"async\" width=\"819\" height=\"1024\" data-id=\"109\" src=\"https:\/\/papernook.elodieplume.com\/wp-content\/uploads\/2026\/03\/26-03-Page-de-garde-819x1024.jpg\" alt=\"\" class=\"wp-image-109\" style=\"aspect-ratio:3\/4\" srcset=\"https:\/\/papernook.elodieplume.com\/wp-content\/uploads\/2026\/03\/26-03-Page-de-garde-819x1024.jpg 819w, https:\/\/papernook.elodieplume.com\/wp-content\/uploads\/2026\/03\/26-03-Page-de-garde-240x300.jpg 240w, https:\/\/papernook.elodieplume.com\/wp-content\/uploads\/2026\/03\/26-03-Page-de-garde-768x960.jpg 768w, https:\/\/papernook.elodieplume.com\/wp-content\/uploads\/2026\/03\/26-03-Page-de-garde.jpg 1080w\" sizes=\"auto, (max-width: 819px) 100vw, 819px\" \/><\/figure>\n\n\n\n<figure class=\"wp-block-image size-large\"><img loading=\"lazy\" decoding=\"async\" width=\"819\" height=\"1024\" data-id=\"108\" src=\"https:\/\/papernook.elodieplume.com\/wp-content\/uploads\/2026\/03\/26-02-Journal-Filofax-819x1024.jpg\" alt=\"\" class=\"wp-image-108\" style=\"aspect-ratio:3\/4\" srcset=\"https:\/\/papernook.elodieplume.com\/wp-content\/uploads\/2026\/03\/26-02-Journal-Filofax-819x1024.jpg 819w, https:\/\/papernook.elodieplume.com\/wp-content\/uploads\/2026\/03\/26-02-Journal-Filofax-240x300.jpg 240w, https:\/\/papernook.elodieplume.com\/wp-content\/uploads\/2026\/03\/26-02-Journal-Filofax-768x960.jpg 768w, https:\/\/papernook.elodieplume.com\/wp-content\/uploads\/2026\/03\/26-02-Journal-Filofax.jpg 1080w\" sizes=\"auto, (max-width: 819px) 100vw, 819px\" \/><\/figure>\n<\/figure>\n<\/aside>","protected":false},"excerpt":{"rendered":"<p>Ton kit de journaling \u00e0 d\u00e9couvrir chaque mois Le Paper Nook Club, c&rsquo;est un kit de journaling pens\u00e9 avec soin, contenant des cr\u00e9ations exclusives, dessin\u00e9es \u00e0 la main et peintes \u00e0 l\u2019aquarelle ! Tarifs Annuler ou mettre en pause \u00e0 tout moment. Gratuit 0&nbsp;\u20ac Simple 20&nbsp;\u20ac\/mois Vos petits mots Merci pour le set d&rsquo;Octobre, il [&hellip;]<\/p>\n","protected":false},"author":1,"featured_media":0,"parent":0,"menu_order":0,"comment_status":"closed","ping_status":"closed","template":"page-no-title","meta":{"footnotes":""},"class_list":["post-20","page","type-page","status-publish","hentry"],"_links":{"self":[{"href":"https:\/\/papernook.elodieplume.com\/en\/wp-json\/wp\/v2\/pages\/20","targetHints":{"allow":["GET"]}}],"collection":[{"href":"https:\/\/papernook.elodieplume.com\/en\/wp-json\/wp\/v2\/pages"}],"about":[{"href":"https:\/\/papernook.elodieplume.com\/en\/wp-json\/wp\/v2\/types\/page"}],"author":[{"embeddable":true,"href":"https:\/\/papernook.elodieplume.com\/en\/wp-json\/wp\/v2\/users\/1"}],"replies":[{"embeddable":true,"href":"https:\/\/papernook.elodieplume.com\/en\/wp-json\/wp\/v2\/comments?post=20"}],"version-history":[{"count":32,"href":"https:\/\/papernook.elodieplume.com\/en\/wp-json\/wp\/v2\/pages\/20\/revisions"}],"predecessor-version":[{"id":256,"href":"https:\/\/papernook.elodieplume.com\/en\/wp-json\/wp\/v2\/pages\/20\/revisions\/256"}],"wp:attachment":[{"href":"https:\/\/papernook.elodieplume.com\/en\/wp-json\/wp\/v2\/media?parent=20"}],"curies":[{"name":"wp","href":"https:\/\/api.w.org\/{rel}","templated":true}]}}